{"id":3,"date":"2019-09-26T14:23:53","date_gmt":"2019-09-26T12:23:53","guid":{"rendered":"http:\/\/designinwp.local\/?page_id=3"},"modified":"2019-12-05T09:51:16","modified_gmt":"2019-12-05T08:51:16","slug":"mentions-legales","status":"publish","type":"page","link":"https:\/\/design-in.city\/fr\/mentions-legales\/","title":{"rendered":"Mentions L\u00e9gales"},"content":{"rendered":"\n<h3>Acceptation des r\u00e8gles du projet<\/h3>\n\n\n\n<p>Toute entreprise participante \u00e0 une action ou parcours d\u2019accompagnement a pr\u00e9alablement pris connaissance des r\u00e8gles europ\u00e9ennes en mati\u00e8re d\u2019aides d\u2019\u00e9tat. La r\u00e8gle des minimis pourra, dans certains cas, \u00eatre appliqu\u00e9e. &nbsp;L\u2019entreprise devra s\u2019acquitter des d\u00e9clarations aupr\u00e8s des autorit\u00e9s fiscales comp\u00e9tentes de son pays&nbsp;conform\u00e9ment &nbsp;au R\u00c8GLEMENT (UE) No 1407\/2013 DE LA COMMISSION du 18 d\u00e9cembre 2013 relatif \u00e0 l\u2019application des articles 107 et 108 du trait\u00e9 sur le fonctionnement de l\u2019Union europ\u00e9enne aux aides de minimis (r\u00e8glement de minimis) pour les accompagnements individuels.La Ma\u00eetrise d\u2019\u0153uvre et le d\u00e9veloppement du projet ont \u00e9t\u00e9 r\u00e9alis\u00e9s&nbsp;par les partenaires du projet&nbsp;<\/p>\n\n\n\n<h3>Conception et d\u00e9veloppement<\/h3>\n\n\n\n<p>Cible Communication<br>Parc Artisanal de Blegny, 11\/13<br>B-4671 Barchon<br><a rel=\"noreferrer noopener\" href=\"https:\/\/www.google.be\/maps\/place\/Cible+Communication+SA\/@50.658316,5.69979,15z\/data=!4m2!3m1!1s0x0:0x6e8e6027719d78a1\" target=\"_blank\">Localisez-nous<\/a><br><br>T\u00e9l. :\u00a0<a href=\"tel:+003243878707\">+32 4 387 87 07<\/a><br><a href=\"http:\/\/www.cible.be\/\">www.cible.be<\/a><\/p>\n\n\n\n<h3>Financement<\/h3>\n\n\n\n<p>Le projet est financ\u00e9 dans le cadre du programme europ\u00e9en&nbsp;<strong>INTERREG V France-Wallonie-Vlaanderen<\/strong>.Information, \u00e9diteur et coordonn\u00e9esPierre Wacquier, Pr\u00e9sident, IDETA Quai Saint Brice 35, BE-7500 TOURNAI T\u00e9l.&nbsp;: +32 69 23.47.01&nbsp;<a href=\"http:\/\/ www.design-in.city\">www.design-in.city<\/a><\/p>\n\n\n\n<h3>Contenus d\u2019information<\/h3>\n\n\n\n<p>Les contenus pr\u00e9sent\u00e9s dans ce site internet sont \u00e9labor\u00e9s par les partenaires du projet, coordonn\u00e9s par le chef de file, IDETA,&nbsp;Quai Saint Brice 35, BE-7500 TOURNAI T\u00e9l.&nbsp;: +32 69 23.47.01&nbsp; <a href=\"http:\/\/%20www.design-in.city\/\">www.design-in.city<\/a> <\/p>\n\n\n\n<h3>Traitement des donn\u00e9es personnelles<\/h3>\n\n\n\n<p>Comment nous respectons et prot\u00e9geons vos donn\u00e9es personnelles. En r\u00e9sum\u00e9&nbsp;:<\/p>\n\n\n\n<ul><li>Nous ne transmettons pas vos donn\u00e9es personnelles \u00e0 d\u2019autres soci\u00e9t\u00e9s.<\/li><li>Nous vous garantissons un acc\u00e8s total (consultation, modification, suppression) et gratuit aux donn\u00e9es qui vous concernent.<\/li><li>IDETA, responsable du traitement des donn\u00e9es r\u00e9colt\u00e9es sur ce site, est \u00e0 votre disposition pour toute question via contact@fast-to-market.eu (ou par courrier \u00e0 l\u2019adresse suivante&nbsp;: Quai Saint-Brice 35 \u2013 BE-7500 Tournai \u2013 Belgique)<\/li><\/ul>\n\n\n\n<h3>R\u00e9colte de vos donn\u00e9es personnelles<\/h3>\n\n\n\n<p>Vous pouvez parcourir notre site sans devoir fournir la moindre information personnelle. Des renseignements vous sont demand\u00e9s, via notre formulaire de contact, pour faciliter la r\u00e9ponse \u00e0 l\u2019une de vos questions ou demandes (demande de contact ou brochures).Une fois que nous avons r\u00e9pondu \u00e0 votre question, il arrive que nous conservions vos coordonn\u00e9es de mani\u00e8re \u00e0 vous transmettre, le cas \u00e9ch\u00e9ant, des informations touristiques sur notre r\u00e9gion ou nos actions. Vous pouvez vous y opposer sur simple demande.Lorsque vous encodez vos donn\u00e9es, nous les conservons dans un fichier (base de donn\u00e9es) qui n\u2019est accessible que par nos services. A aucun moment, nous ne fournissons vos donn\u00e9es \u00e0 d\u2019autres soci\u00e9t\u00e9s.<\/p>\n\n\n\n<h3>Utilisation de vos donn\u00e9es personnelles<\/h3>\n\n\n\n<p>Nous pourrons utiliser vos donn\u00e9es personnelles uniquement pour&nbsp;:<\/p>\n\n\n\n<ul><li>R\u00e9pondre \u00e0 vos demandes (demandes de contact ou brochures)<\/li><li>Etablir des statistiques sur la provenance des demandes qui nous parviennent via le site (du type \u00ab&nbsp;80% des demandes de contact proviennent d\u2019Europe&nbsp;\u00bb)<\/li><li>Vous informer d\u2019actions promotionnelles, de nouveaut\u00e9s ou de suggestions de d\u00e9couvertes concernant les \u00e9quipements, les sites, les op\u00e9rateurs, les \u00e9v\u00e9nements et autres organismes ou organisateurs \u00e0 vocation touristique ou culturelle.<\/li><\/ul>\n\n\n\n<p>En aucun cas, vos donn\u00e9es ne seront c\u00e9d\u00e9es ou vendues \u00e0 une soci\u00e9t\u00e9 tierce. Ceci vous garantit une protection contre toute forme de \u00ab&nbsp;matraquage&nbsp;\u00bb commercial ou autre utilisation malintentionn\u00e9e de vos donn\u00e9es (spam, etc.).<\/p>\n\n\n\n<h3>Acc\u00e8s \u00e0 vos donn\u00e9es personnelles<\/h3>\n\n\n\n<p>Nous respectons bien entendu les&nbsp;dispositions du R\u00e8glement du Parlement europ\u00e9en et du Conseil relatif \u00e0 la protection des personnes physiques \u00e0 l\u2019\u00e9gard du traitement des donn\u00e9es \u00e0 caract\u00e8re personnel et \u00e0 la libre circulation de ces donn\u00e9es, et abrogeant la directive 95\/46\/CE (R\u00e9f\u00e9rence 2016\/679 \u2013 r\u00e8glement g\u00e9n\u00e9ral sur la protection des donn\u00e9es). Cette loi vous prot\u00e8ge contre tout abus. Vous avez notamment le droit d\u2019acc\u00e9der sans aucuns frais aux donn\u00e9es vous concernant et de nous demander de les modifier ou de les supprimer du fichier. Pour ce faire, il vous suffit de nous le demander par email. Nous respectons les recommandations de la Commission de la Protection de la Vie Priv\u00e9e, qui d\u00e9pend du Gouvernement F\u00e9d\u00e9ral de Belgique.R\u00e9colte et analyse de statistiques non personnellesComme pour tous les sites Internet, notre serveur recueille de mani\u00e8re automatique des donn\u00e9es non personnelles, telles que la date et l\u2019heure, le syst\u00e8me d\u2019exploitation, les mots cl\u00e9s utilis\u00e9s pour nous trouver, etc.Ces statistiques nous servent \u00e0 am\u00e9liorer notre site en l\u2019adaptant aux besoins des utilisateurs.Par exemple, nous pourrions savoir que \u00ab&nbsp;50% des visiteurs du site quittent le site apr\u00e8s 20 secondes&nbsp;\u00bb, mais pas que \u00ab&nbsp;Monsieur A. est venu sur le site \u00e0 telle heure et l\u2019a quitt\u00e9 apr\u00e8s avoir visit\u00e9 trois pages&nbsp;\u00bb.Ces statistiques ne repr\u00e9sentent donc aucune atteinte \u00e0 votre vie priv\u00e9e.<\/p>\n\n\n\n<p><\/p>\n","protected":false},"excerpt":{"rendered":"<p>Acceptation des r\u00e8gles du projet Toute entreprise participante \u00e0 une action ou parcours d\u2019accompagnement a pr\u00e9alablement pris connaissance des r\u00e8gles europ\u00e9ennes en mati\u00e8re d\u2019aides d\u2019\u00e9tat. La r\u00e8gle<\/p>\n","protected":false},"author":1,"featured_media":0,"parent":0,"menu_order":0,"comment_status":"closed","ping_status":"open","template":"","meta":{"_monsterinsights_skip_tracking":false,"_monsterinsights_sitenote_active":false,"_monsterinsights_sitenote_note":"","_monsterinsights_sitenote_category":0},"acf":[],"yoast_head":"<!-- This site is optimized with the Yoast SEO plugin v18.4.1 - https:\/\/yoast.com\/wordpress\/plugins\/seo\/ -->\n<title>Mentions L\u00e9gales - Design&#039;In<\/title>\n<meta name=\"robots\" content=\"index, follow, max-snippet:-1, max-image-preview:large, max-video-preview:-1\" \/>\n<link rel=\"canonical\" href=\"https:\/\/design-in.city\/fr\/mentions-legales\/\" \/>\n<meta property=\"og:locale\" content=\"fr_FR\" \/>\n<meta property=\"og:type\" content=\"article\" \/>\n<meta property=\"og:title\" content=\"Mentions L\u00e9gales - Design&#039;In\" \/>\n<meta property=\"og:description\" content=\"Acceptation des r\u00e8gles du projet Toute entreprise participante \u00e0 une action ou parcours d\u2019accompagnement a pr\u00e9alablement pris connaissance des r\u00e8gles europ\u00e9ennes en mati\u00e8re d\u2019aides d\u2019\u00e9tat. La r\u00e8gle\" \/>\n<meta property=\"og:url\" content=\"https:\/\/design-in.city\/fr\/mentions-legales\/\" \/>\n<meta property=\"og:site_name\" content=\"Design&#039;In\" \/>\n<meta property=\"article:modified_time\" content=\"2019-12-05T08:51:16+00:00\" \/>\n<meta name=\"twitter:card\" content=\"summary_large_image\" \/>\n<meta name=\"twitter:label1\" content=\"Dur\u00e9e de lecture estim\u00e9e\" \/>\n\t<meta name=\"twitter:data1\" content=\"4 minutes\" \/>\n<script type=\"application\/ld+json\" class=\"yoast-schema-graph\">{\"@context\":\"https:\/\/schema.org\",\"@graph\":[{\"@type\":\"WebSite\",\"@id\":\"https:\/\/design-in.city\/fr\/#website\",\"url\":\"https:\/\/design-in.city\/fr\/\",\"name\":\"Design&#039;In\",\"description\":\"L\u2019objectif du projet DESIGN IN est de renforcer et stimuler le d\u00e9veloppement des commerces de centre-ville par l\u2019int\u00e9gration du design\",\"potentialAction\":[{\"@type\":\"SearchAction\",\"target\":{\"@type\":\"EntryPoint\",\"urlTemplate\":\"https:\/\/design-in.city\/fr\/?s={search_term_string}\"},\"query-input\":\"required name=search_term_string\"}],\"inLanguage\":\"fr-FR\"},{\"@type\":\"WebPage\",\"@id\":\"https:\/\/design-in.city\/fr\/mentions-legales\/#webpage\",\"url\":\"https:\/\/design-in.city\/fr\/mentions-legales\/\",\"name\":\"Mentions L\u00e9gales - Design&#039;In\",\"isPartOf\":{\"@id\":\"https:\/\/design-in.city\/fr\/#website\"},\"datePublished\":\"2019-09-26T12:23:53+00:00\",\"dateModified\":\"2019-12-05T08:51:16+00:00\",\"breadcrumb\":{\"@id\":\"https:\/\/design-in.city\/fr\/mentions-legales\/#breadcrumb\"},\"inLanguage\":\"fr-FR\",\"potentialAction\":[{\"@type\":\"ReadAction\",\"target\":[\"https:\/\/design-in.city\/fr\/mentions-legales\/\"]}]},{\"@type\":\"BreadcrumbList\",\"@id\":\"https:\/\/design-in.city\/fr\/mentions-legales\/#breadcrumb\",\"itemListElement\":[{\"@type\":\"ListItem\",\"position\":1,\"name\":\"Accueil\",\"item\":\"https:\/\/design-in.city\/fr\/\"},{\"@type\":\"ListItem\",\"position\":2,\"name\":\"Mentions L\u00e9gales\"}]}]}<\/script>\n<!-- \/ Yoast SEO plugin. -->","yoast_head_json":{"title":"Mentions L\u00e9gales - Design&#039;In","robots":{"index":"index","follow":"follow","max-snippet":"max-snippet:-1","max-image-preview":"max-image-preview:large","max-video-preview":"max-video-preview:-1"},"canonical":"https:\/\/design-in.city\/fr\/mentions-legales\/","og_locale":"fr_FR","og_type":"article","og_title":"Mentions L\u00e9gales - Design&#039;In","og_description":"Acceptation des r\u00e8gles du projet Toute entreprise participante \u00e0 une action ou parcours d\u2019accompagnement a pr\u00e9alablement pris connaissance des r\u00e8gles europ\u00e9ennes en mati\u00e8re d\u2019aides d\u2019\u00e9tat. La r\u00e8gle","og_url":"https:\/\/design-in.city\/fr\/mentions-legales\/","og_site_name":"Design&#039;In","article_modified_time":"2019-12-05T08:51:16+00:00","twitter_card":"summary_large_image","twitter_misc":{"Dur\u00e9e de lecture estim\u00e9e":"4 minutes"},"schema":{"@context":"https:\/\/schema.org","@graph":[{"@type":"WebSite","@id":"https:\/\/design-in.city\/fr\/#website","url":"https:\/\/design-in.city\/fr\/","name":"Design&#039;In","description":"L\u2019objectif du projet DESIGN IN est de renforcer et stimuler le d\u00e9veloppement des commerces de centre-ville par l\u2019int\u00e9gration du design","potentialAction":[{"@type":"SearchAction","target":{"@type":"EntryPoint","urlTemplate":"https:\/\/design-in.city\/fr\/?s={search_term_string}"},"query-input":"required name=search_term_string"}],"inLanguage":"fr-FR"},{"@type":"WebPage","@id":"https:\/\/design-in.city\/fr\/mentions-legales\/#webpage","url":"https:\/\/design-in.city\/fr\/mentions-legales\/","name":"Mentions L\u00e9gales - Design&#039;In","isPartOf":{"@id":"https:\/\/design-in.city\/fr\/#website"},"datePublished":"2019-09-26T12:23:53+00:00","dateModified":"2019-12-05T08:51:16+00:00","breadcrumb":{"@id":"https:\/\/design-in.city\/fr\/mentions-legales\/#breadcrumb"},"inLanguage":"fr-FR","potentialAction":[{"@type":"ReadAction","target":["https:\/\/design-in.city\/fr\/mentions-legales\/"]}]},{"@type":"BreadcrumbList","@id":"https:\/\/design-in.city\/fr\/mentions-legales\/#breadcrumb","itemListElement":[{"@type":"ListItem","position":1,"name":"Accueil","item":"https:\/\/design-in.city\/fr\/"},{"@type":"ListItem","position":2,"name":"Mentions L\u00e9gales"}]}]}},"_links":{"self":[{"href":"https:\/\/design-in.city\/fr\/wp-json\/wp\/v2\/pages\/3"}],"collection":[{"href":"https:\/\/design-in.city\/fr\/wp-json\/wp\/v2\/pages"}],"about":[{"href":"https:\/\/design-in.city\/fr\/wp-json\/wp\/v2\/types\/page"}],"author":[{"embeddable":true,"href":"https:\/\/design-in.city\/fr\/wp-json\/wp\/v2\/users\/1"}],"replies":[{"embeddable":true,"href":"https:\/\/design-in.city\/fr\/wp-json\/wp\/v2\/comments?post=3"}],"version-history":[{"count":0,"href":"https:\/\/design-in.city\/fr\/wp-json\/wp\/v2\/pages\/3\/revisions"}],"wp:attachment":[{"href":"https:\/\/design-in.city\/fr\/wp-json\/wp\/v2\/media?parent=3"}],"curies":[{"name":"wp","href":"https:\/\/api.w.org\/{rel}","templated":true}]}}