{"id":1872,"date":"2022-10-06T14:37:53","date_gmt":"2022-10-06T12:37:53","guid":{"rendered":"https:\/\/design-in.city\/?page_id=1872"},"modified":"2022-10-06T15:02:34","modified_gmt":"2022-10-06T13:02:34","slug":"shops-courtrai","status":"publish","type":"page","link":"https:\/\/design-in.city\/fr\/shops-courtrai\/","title":{"rendered":"Shops Courtrai"},"content":{"rendered":"<p>L\u2019action transfrontali\u00e8re DESIGN IN SHOPS a fait na\u00eetre des collaborations entre des commer\u00e7ants du centre-ville de Courtrai et des designers fran\u00e7ais ou wallons.<br \/>\nD\u00e9couvrez des am\u00e9nagements complets ou partiels, du design mobilier et du design graphique au sein de ces commerces<\/p>\n<p>De grensoverschrijdende actie DESIGN IN SHOPS heeft geleid tot samenwerkingsverbanden tussen winkeliers in het centrum van Kortrijk en Franse of Waalse ontwerpers.<br \/>\nOntdek de gedeeltelijke en volledige interieur inrichtingen, meubelontwerp en grafisch ontwerp in deze winkels<\/p>\n","protected":false},"excerpt":{"rendered":"<p>L\u2019action transfrontali\u00e8re DESIGN IN SHOPS a fait na\u00eetre des collaborations entre des commer\u00e7ants du centre-ville de Courtrai et des designers fran\u00e7ais ou wallons. D\u00e9couvrez des am\u00e9nagements complets<\/p>\n","protected":false},"author":1,"featured_media":0,"parent":0,"menu_order":0,"comment_status":"closed","ping_status":"closed","template":"page-shops-courtrai.php","meta":{"_monsterinsights_skip_tracking":false,"_monsterinsights_sitenote_active":false,"_monsterinsights_sitenote_note":"","_monsterinsights_sitenote_category":0},"acf":[],"yoast_head":"<!-- This site is optimized with the Yoast SEO plugin v18.4.1 - https:\/\/yoast.com\/wordpress\/plugins\/seo\/ -->\n<title>Shops Courtrai - Design&#039;In<\/title>\n<meta name=\"robots\" content=\"index, follow, max-snippet:-1, max-image-preview:large, max-video-preview:-1\" \/>\n<link rel=\"canonical\" href=\"https:\/\/design-in.city\/fr\/shops-courtrai\/\" \/>\n<meta property=\"og:locale\" content=\"fr_FR\" \/>\n<meta property=\"og:type\" content=\"article\" \/>\n<meta property=\"og:title\" content=\"Shops Courtrai - Design&#039;In\" \/>\n<meta property=\"og:description\" content=\"L\u2019action transfrontali\u00e8re DESIGN IN SHOPS a fait na\u00eetre des collaborations entre des commer\u00e7ants du centre-ville de Courtrai et des designers fran\u00e7ais ou wallons. D\u00e9couvrez des am\u00e9nagements complets\" \/>\n<meta property=\"og:url\" content=\"https:\/\/design-in.city\/fr\/shops-courtrai\/\" \/>\n<meta property=\"og:site_name\" content=\"Design&#039;In\" \/>\n<meta property=\"article:modified_time\" content=\"2022-10-06T13:02:34+00:00\" \/>\n<meta name=\"twitter:card\" content=\"summary_large_image\" \/>\n<script type=\"application\/ld+json\" class=\"yoast-schema-graph\">{\"@context\":\"https:\/\/schema.org\",\"@graph\":[{\"@type\":\"WebSite\",\"@id\":\"http:\/\/design-in.city\/fr\/#website\",\"url\":\"http:\/\/design-in.city\/fr\/\",\"name\":\"Design&#039;In\",\"description\":\"L\u2019objectif du projet DESIGN IN est de renforcer et stimuler le d\u00e9veloppement des commerces de centre-ville par l\u2019int\u00e9gration du design\",\"potentialAction\":[{\"@type\":\"SearchAction\",\"target\":{\"@type\":\"EntryPoint\",\"urlTemplate\":\"http:\/\/design-in.city\/fr\/?s={search_term_string}\"},\"query-input\":\"required name=search_term_string\"}],\"inLanguage\":\"fr-FR\"},{\"@type\":\"WebPage\",\"@id\":\"https:\/\/design-in.city\/fr\/shops-courtrai\/#webpage\",\"url\":\"https:\/\/design-in.city\/fr\/shops-courtrai\/\",\"name\":\"Shops Courtrai - Design&#039;In\",\"isPartOf\":{\"@id\":\"http:\/\/design-in.city\/fr\/#website\"},\"datePublished\":\"2022-10-06T12:37:53+00:00\",\"dateModified\":\"2022-10-06T13:02:34+00:00\",\"breadcrumb\":{\"@id\":\"https:\/\/design-in.city\/fr\/shops-courtrai\/#breadcrumb\"},\"inLanguage\":\"fr-FR\",\"potentialAction\":[{\"@type\":\"ReadAction\",\"target\":[\"https:\/\/design-in.city\/fr\/shops-courtrai\/\"]}]},{\"@type\":\"BreadcrumbList\",\"@id\":\"https:\/\/design-in.city\/fr\/shops-courtrai\/#breadcrumb\",\"itemListElement\":[{\"@type\":\"ListItem\",\"position\":1,\"name\":\"Accueil\",\"item\":\"http:\/\/design-in.city\/fr\/\"},{\"@type\":\"ListItem\",\"position\":2,\"name\":\"Shops Courtrai\"}]}]}<\/script>\n<!-- \/ Yoast SEO plugin. -->","yoast_head_json":{"title":"Shops Courtrai - Design&#039;In","robots":{"index":"index","follow":"follow","max-snippet":"max-snippet:-1","max-image-preview":"max-image-preview:large","max-video-preview":"max-video-preview:-1"},"canonical":"https:\/\/design-in.city\/fr\/shops-courtrai\/","og_locale":"fr_FR","og_type":"article","og_title":"Shops Courtrai - Design&#039;In","og_description":"L\u2019action transfrontali\u00e8re DESIGN IN SHOPS a fait na\u00eetre des collaborations entre des commer\u00e7ants du centre-ville de Courtrai et des designers fran\u00e7ais ou wallons. D\u00e9couvrez des am\u00e9nagements complets","og_url":"https:\/\/design-in.city\/fr\/shops-courtrai\/","og_site_name":"Design&#039;In","article_modified_time":"2022-10-06T13:02:34+00:00","twitter_card":"summary_large_image","schema":{"@context":"https:\/\/schema.org","@graph":[{"@type":"WebSite","@id":"http:\/\/design-in.city\/fr\/#website","url":"http:\/\/design-in.city\/fr\/","name":"Design&#039;In","description":"L\u2019objectif du projet DESIGN IN est de renforcer et stimuler le d\u00e9veloppement des commerces de centre-ville par l\u2019int\u00e9gration du design","potentialAction":[{"@type":"SearchAction","target":{"@type":"EntryPoint","urlTemplate":"http:\/\/design-in.city\/fr\/?s={search_term_string}"},"query-input":"required name=search_term_string"}],"inLanguage":"fr-FR"},{"@type":"WebPage","@id":"https:\/\/design-in.city\/fr\/shops-courtrai\/#webpage","url":"https:\/\/design-in.city\/fr\/shops-courtrai\/","name":"Shops Courtrai - Design&#039;In","isPartOf":{"@id":"http:\/\/design-in.city\/fr\/#website"},"datePublished":"2022-10-06T12:37:53+00:00","dateModified":"2022-10-06T13:02:34+00:00","breadcrumb":{"@id":"https:\/\/design-in.city\/fr\/shops-courtrai\/#breadcrumb"},"inLanguage":"fr-FR","potentialAction":[{"@type":"ReadAction","target":["https:\/\/design-in.city\/fr\/shops-courtrai\/"]}]},{"@type":"BreadcrumbList","@id":"https:\/\/design-in.city\/fr\/shops-courtrai\/#breadcrumb","itemListElement":[{"@type":"ListItem","position":1,"name":"Accueil","item":"http:\/\/design-in.city\/fr\/"},{"@type":"ListItem","position":2,"name":"Shops Courtrai"}]}]}},"_links":{"self":[{"href":"https:\/\/design-in.city\/fr\/wp-json\/wp\/v2\/pages\/1872"}],"collection":[{"href":"https:\/\/design-in.city\/fr\/wp-json\/wp\/v2\/pages"}],"about":[{"href":"https:\/\/design-in.city\/fr\/wp-json\/wp\/v2\/types\/page"}],"author":[{"embeddable":true,"href":"https:\/\/design-in.city\/fr\/wp-json\/wp\/v2\/users\/1"}],"replies":[{"embeddable":true,"href":"https:\/\/design-in.city\/fr\/wp-json\/wp\/v2\/comments?post=1872"}],"version-history":[{"count":3,"href":"https:\/\/design-in.city\/fr\/wp-json\/wp\/v2\/pages\/1872\/revisions"}],"predecessor-version":[{"id":1876,"href":"https:\/\/design-in.city\/fr\/wp-json\/wp\/v2\/pages\/1872\/revisions\/1876"}],"wp:attachment":[{"href":"https:\/\/design-in.city\/fr\/wp-json\/wp\/v2\/media?parent=1872"}],"curies":[{"name":"wp","href":"https:\/\/api.w.org\/{rel}","templated":true}]}}