{"id":2798,"date":"2023-06-24T10:58:03","date_gmt":"2023-06-24T08:58:03","guid":{"rendered":"http:\/\/design-in.city\/?page_id=2798"},"modified":"2023-07-17T11:17:51","modified_gmt":"2023-07-17T09:17:51","slug":"the-cube","status":"publish","type":"page","link":"http:\/\/design-in.city\/fr\/the-cube\/","title":{"rendered":"The Cube"},"content":{"rendered":"<p>L\u2019installation marque une entr\u00e9e du centre-ville comme un signal fort du passage extra-muros vers l\u2019intra-muros. L\u2019\u0153uvre form\u00e9e de 4 arches successives articul\u00e9es par un jeu de plein et de vide donne une r\u00e9interpr\u00e9tation des diff\u00e9rentes typologies d\u2019arches que l\u2019on retrouve dans les architectures de la ville. Au travers d\u2019une expression minimaliste, le cube ainsi sculpt\u00e9 forme un volume qui se lit diff\u00e9remment selon les points de vue de l\u2019observateur<\/p>\n<p><img loading=\"lazy\" class=\"alignnone size-medium wp-image-2799\" src=\"http:\/\/design-in.city\/wp-content\/uploads\/2023\/06\/arche_boulevard_the_cube_01-300x225.jpg\" alt=\"\" width=\"300\" height=\"225\" srcset=\"http:\/\/design-in.city\/wp-content\/uploads\/2023\/06\/arche_boulevard_the_cube_01-300x225.jpg 300w, http:\/\/design-in.city\/wp-content\/uploads\/2023\/06\/arche_boulevard_the_cube_01-1024x768.jpg 1024w, http:\/\/design-in.city\/wp-content\/uploads\/2023\/06\/arche_boulevard_the_cube_01-768x576.jpg 768w, http:\/\/design-in.city\/wp-content\/uploads\/2023\/06\/arche_boulevard_the_cube_01.jpg 1358w\" sizes=\"(max-width: 300px) 100vw, 300px\" \/> <img loading=\"lazy\" class=\"alignnone size-medium wp-image-2801\" src=\"http:\/\/design-in.city\/wp-content\/uploads\/2023\/06\/arche_boulevard_the_cube_02-300x210.jpg\" alt=\"\" width=\"300\" height=\"210\" srcset=\"http:\/\/design-in.city\/wp-content\/uploads\/2023\/06\/arche_boulevard_the_cube_02-300x210.jpg 300w, http:\/\/design-in.city\/wp-content\/uploads\/2023\/06\/arche_boulevard_the_cube_02-1024x718.jpg 1024w, http:\/\/design-in.city\/wp-content\/uploads\/2023\/06\/arche_boulevard_the_cube_02-768x538.jpg 768w, http:\/\/design-in.city\/wp-content\/uploads\/2023\/06\/arche_boulevard_the_cube_02-1536x1076.jpg 1536w, http:\/\/design-in.city\/wp-content\/uploads\/2023\/06\/arche_boulevard_the_cube_02-615x429.jpg 615w, http:\/\/design-in.city\/wp-content\/uploads\/2023\/06\/arche_boulevard_the_cube_02.jpg 2032w\" sizes=\"(max-width: 300px) 100vw, 300px\" \/> <img loading=\"lazy\" class=\"alignnone size-medium wp-image-2803\" src=\"http:\/\/design-in.city\/wp-content\/uploads\/2023\/06\/arche_boulevard_the_cube_03-228x300.jpg\" alt=\"\" width=\"228\" height=\"300\" srcset=\"http:\/\/design-in.city\/wp-content\/uploads\/2023\/06\/arche_boulevard_the_cube_03-228x300.jpg 228w, http:\/\/design-in.city\/wp-content\/uploads\/2023\/06\/arche_boulevard_the_cube_03-779x1024.jpg 779w, http:\/\/design-in.city\/wp-content\/uploads\/2023\/06\/arche_boulevard_the_cube_03-768x1009.jpg 768w, http:\/\/design-in.city\/wp-content\/uploads\/2023\/06\/arche_boulevard_the_cube_03-1169x1536.jpg 1169w, http:\/\/design-in.city\/wp-content\/uploads\/2023\/06\/arche_boulevard_the_cube_03.jpg 1343w\" sizes=\"(max-width: 228px) 100vw, 228px\" \/> <img loading=\"lazy\" class=\"alignnone size-medium wp-image-2805\" src=\"http:\/\/design-in.city\/wp-content\/uploads\/2023\/06\/MicrosoftTeams-image-14-300x225.jpg\" alt=\"\" width=\"300\" height=\"225\" srcset=\"http:\/\/design-in.city\/wp-content\/uploads\/2023\/06\/MicrosoftTeams-image-14-300x225.jpg 300w, http:\/\/design-in.city\/wp-content\/uploads\/2023\/06\/MicrosoftTeams-image-14-1024x768.jpg 1024w, http:\/\/design-in.city\/wp-content\/uploads\/2023\/06\/MicrosoftTeams-image-14-768x576.jpg 768w, http:\/\/design-in.city\/wp-content\/uploads\/2023\/06\/MicrosoftTeams-image-14-1536x1152.jpg 1536w, http:\/\/design-in.city\/wp-content\/uploads\/2023\/06\/MicrosoftTeams-image-14.jpg 2000w\" sizes=\"(max-width: 300px) 100vw, 300px\" \/> <img loading=\"lazy\" class=\"alignnone size-medium wp-image-2807\" src=\"http:\/\/design-in.city\/wp-content\/uploads\/2023\/06\/MicrosoftTeams-image-17-225x300.jpg\" alt=\"\" width=\"225\" height=\"300\" srcset=\"http:\/\/design-in.city\/wp-content\/uploads\/2023\/06\/MicrosoftTeams-image-17-225x300.jpg 225w, http:\/\/design-in.city\/wp-content\/uploads\/2023\/06\/MicrosoftTeams-image-17-768x1024.jpg 768w, http:\/\/design-in.city\/wp-content\/uploads\/2023\/06\/MicrosoftTeams-image-17-1152x1536.jpg 1152w, http:\/\/design-in.city\/wp-content\/uploads\/2023\/06\/MicrosoftTeams-image-17-1536x2048.jpg 1536w, http:\/\/design-in.city\/wp-content\/uploads\/2023\/06\/MicrosoftTeams-image-17-372x494.jpg 372w, http:\/\/design-in.city\/wp-content\/uploads\/2023\/06\/MicrosoftTeams-image-17-600x800.jpg 600w, http:\/\/design-in.city\/wp-content\/uploads\/2023\/06\/MicrosoftTeams-image-17.jpg 1728w\" sizes=\"(max-width: 225px) 100vw, 225px\" \/><\/p>\n","protected":false},"excerpt":{"rendered":"<p>L\u2019installation marque une entr\u00e9e du centre-ville comme un signal fort du passage extra-muros vers l\u2019intra-muros. L\u2019\u0153uvre form\u00e9e de 4 arches successives articul\u00e9es par un jeu de plein<\/p>\n","protected":false},"author":6,"featured_media":2801,"parent":0,"menu_order":0,"comment_status":"closed","ping_status":"closed","template":"page--town.php","meta":{"_monsterinsights_skip_tracking":false,"_monsterinsights_sitenote_active":false,"_monsterinsights_sitenote_note":"","_monsterinsights_sitenote_category":0},"acf":[],"yoast_head":"<!-- This site is optimized with the Yoast SEO plugin v18.4.1 - https:\/\/yoast.com\/wordpress\/plugins\/seo\/ -->\n<title>The Cube - Design&#039;In<\/title>\n<meta name=\"robots\" content=\"index, follow, max-snippet:-1, max-image-preview:large, max-video-preview:-1\" \/>\n<link rel=\"canonical\" href=\"http:\/\/design-in.city\/fr\/the-cube\/\" \/>\n<meta property=\"og:locale\" content=\"fr_FR\" \/>\n<meta property=\"og:type\" content=\"article\" \/>\n<meta property=\"og:title\" content=\"The Cube - Design&#039;In\" \/>\n<meta property=\"og:description\" content=\"L\u2019installation marque une entr\u00e9e du centre-ville comme un signal fort du passage extra-muros vers l\u2019intra-muros. L\u2019\u0153uvre form\u00e9e de 4 arches successives articul\u00e9es par un jeu de plein\" \/>\n<meta property=\"og:url\" content=\"http:\/\/design-in.city\/fr\/the-cube\/\" \/>\n<meta property=\"og:site_name\" content=\"Design&#039;In\" \/>\n<meta property=\"article:modified_time\" content=\"2023-07-17T09:17:51+00:00\" \/>\n<meta property=\"og:image\" content=\"http:\/\/design-in.city\/wp-content\/uploads\/2023\/06\/arche_boulevard_the_cube_02-1024x718.jpg\" \/>\n\t<meta property=\"og:image:width\" content=\"1024\" \/>\n\t<meta property=\"og:image:height\" content=\"718\" \/>\n\t<meta property=\"og:image:type\" content=\"image\/jpeg\" \/>\n<meta name=\"twitter:card\" content=\"summary_large_image\" \/>\n<script type=\"application\/ld+json\" class=\"yoast-schema-graph\">{\"@context\":\"https:\/\/schema.org\",\"@graph\":[{\"@type\":\"WebSite\",\"@id\":\"https:\/\/design-in.city\/fr\/#website\",\"url\":\"https:\/\/design-in.city\/fr\/\",\"name\":\"Design&#039;In\",\"description\":\"L\u2019objectif du projet DESIGN IN est de renforcer et stimuler le d\u00e9veloppement des commerces de centre-ville par l\u2019int\u00e9gration du design\",\"potentialAction\":[{\"@type\":\"SearchAction\",\"target\":{\"@type\":\"EntryPoint\",\"urlTemplate\":\"https:\/\/design-in.city\/fr\/?s={search_term_string}\"},\"query-input\":\"required name=search_term_string\"}],\"inLanguage\":\"fr-FR\"},{\"@type\":\"ImageObject\",\"@id\":\"http:\/\/design-in.city\/fr\/the-cube\/#primaryimage\",\"inLanguage\":\"fr-FR\",\"url\":\"http:\/\/design-in.city\/wp-content\/uploads\/2023\/06\/arche_boulevard_the_cube_02.jpg\",\"contentUrl\":\"http:\/\/design-in.city\/wp-content\/uploads\/2023\/06\/arche_boulevard_the_cube_02.jpg\",\"width\":2032,\"height\":1424},{\"@type\":\"WebPage\",\"@id\":\"http:\/\/design-in.city\/fr\/the-cube\/#webpage\",\"url\":\"http:\/\/design-in.city\/fr\/the-cube\/\",\"name\":\"The Cube - Design&#039;In\",\"isPartOf\":{\"@id\":\"https:\/\/design-in.city\/fr\/#website\"},\"primaryImageOfPage\":{\"@id\":\"http:\/\/design-in.city\/fr\/the-cube\/#primaryimage\"},\"datePublished\":\"2023-06-24T08:58:03+00:00\",\"dateModified\":\"2023-07-17T09:17:51+00:00\",\"breadcrumb\":{\"@id\":\"http:\/\/design-in.city\/fr\/the-cube\/#breadcrumb\"},\"inLanguage\":\"fr-FR\",\"potentialAction\":[{\"@type\":\"ReadAction\",\"target\":[\"http:\/\/design-in.city\/fr\/the-cube\/\"]}]},{\"@type\":\"BreadcrumbList\",\"@id\":\"http:\/\/design-in.city\/fr\/the-cube\/#breadcrumb\",\"itemListElement\":[{\"@type\":\"ListItem\",\"position\":1,\"name\":\"Accueil\",\"item\":\"https:\/\/design-in.city\/fr\/\"},{\"@type\":\"ListItem\",\"position\":2,\"name\":\"The Cube\"}]}]}<\/script>\n<!-- \/ Yoast SEO plugin. -->","yoast_head_json":{"title":"The Cube - Design&#039;In","robots":{"index":"index","follow":"follow","max-snippet":"max-snippet:-1","max-image-preview":"max-image-preview:large","max-video-preview":"max-video-preview:-1"},"canonical":"http:\/\/design-in.city\/fr\/the-cube\/","og_locale":"fr_FR","og_type":"article","og_title":"The Cube - Design&#039;In","og_description":"L\u2019installation marque une entr\u00e9e du centre-ville comme un signal fort du passage extra-muros vers l\u2019intra-muros. L\u2019\u0153uvre form\u00e9e de 4 arches successives articul\u00e9es par un jeu de plein","og_url":"http:\/\/design-in.city\/fr\/the-cube\/","og_site_name":"Design&#039;In","article_modified_time":"2023-07-17T09:17:51+00:00","og_image":[{"width":1024,"height":718,"url":"http:\/\/design-in.city\/wp-content\/uploads\/2023\/06\/arche_boulevard_the_cube_02-1024x718.jpg","type":"image\/jpeg"}],"twitter_card":"summary_large_image","schema":{"@context":"https:\/\/schema.org","@graph":[{"@type":"WebSite","@id":"https:\/\/design-in.city\/fr\/#website","url":"https:\/\/design-in.city\/fr\/","name":"Design&#039;In","description":"L\u2019objectif du projet DESIGN IN est de renforcer et stimuler le d\u00e9veloppement des commerces de centre-ville par l\u2019int\u00e9gration du design","potentialAction":[{"@type":"SearchAction","target":{"@type":"EntryPoint","urlTemplate":"https:\/\/design-in.city\/fr\/?s={search_term_string}"},"query-input":"required name=search_term_string"}],"inLanguage":"fr-FR"},{"@type":"ImageObject","@id":"http:\/\/design-in.city\/fr\/the-cube\/#primaryimage","inLanguage":"fr-FR","url":"http:\/\/design-in.city\/wp-content\/uploads\/2023\/06\/arche_boulevard_the_cube_02.jpg","contentUrl":"http:\/\/design-in.city\/wp-content\/uploads\/2023\/06\/arche_boulevard_the_cube_02.jpg","width":2032,"height":1424},{"@type":"WebPage","@id":"http:\/\/design-in.city\/fr\/the-cube\/#webpage","url":"http:\/\/design-in.city\/fr\/the-cube\/","name":"The Cube - Design&#039;In","isPartOf":{"@id":"https:\/\/design-in.city\/fr\/#website"},"primaryImageOfPage":{"@id":"http:\/\/design-in.city\/fr\/the-cube\/#primaryimage"},"datePublished":"2023-06-24T08:58:03+00:00","dateModified":"2023-07-17T09:17:51+00:00","breadcrumb":{"@id":"http:\/\/design-in.city\/fr\/the-cube\/#breadcrumb"},"inLanguage":"fr-FR","potentialAction":[{"@type":"ReadAction","target":["http:\/\/design-in.city\/fr\/the-cube\/"]}]},{"@type":"BreadcrumbList","@id":"http:\/\/design-in.city\/fr\/the-cube\/#breadcrumb","itemListElement":[{"@type":"ListItem","position":1,"name":"Accueil","item":"https:\/\/design-in.city\/fr\/"},{"@type":"ListItem","position":2,"name":"The Cube"}]}]}},"_links":{"self":[{"href":"http:\/\/design-in.city\/fr\/wp-json\/wp\/v2\/pages\/2798"}],"collection":[{"href":"http:\/\/design-in.city\/fr\/wp-json\/wp\/v2\/pages"}],"about":[{"href":"http:\/\/design-in.city\/fr\/wp-json\/wp\/v2\/types\/page"}],"author":[{"embeddable":true,"href":"http:\/\/design-in.city\/fr\/wp-json\/wp\/v2\/users\/6"}],"replies":[{"embeddable":true,"href":"http:\/\/design-in.city\/fr\/wp-json\/wp\/v2\/comments?post=2798"}],"version-history":[{"count":14,"href":"http:\/\/design-in.city\/fr\/wp-json\/wp\/v2\/pages\/2798\/revisions"}],"predecessor-version":[{"id":2919,"href":"http:\/\/design-in.city\/fr\/wp-json\/wp\/v2\/pages\/2798\/revisions\/2919"}],"wp:featuredmedia":[{"embeddable":true,"href":"http:\/\/design-in.city\/fr\/wp-json\/wp\/v2\/media\/2801"}],"wp:attachment":[{"href":"http:\/\/design-in.city\/fr\/wp-json\/wp\/v2\/media?parent=2798"}],"curies":[{"name":"wp","href":"https:\/\/api.w.org\/{rel}","templated":true}]}}